{"id":3329,"date":"2026-03-04T09:26:02","date_gmt":"2026-03-04T02:26:02","guid":{"rendered":"https:\/\/biomasscoating.com\/san-pham\/son-lot-trong-wst101\/"},"modified":"2026-03-04T10:35:17","modified_gmt":"2026-03-04T03:35:17","slug":"clear-water-based-sealer-wst101-biomass","status":"publish","type":"product","link":"https:\/\/biomasscoating.com\/en\/san-pham\/clear-water-based-sealer-wst101-biomass\/","title":{"rendered":"CLEAR SEALER WST101"},"content":{"rendered":"\n\t\t<div class=\"tabbed-content\">\n\t\t\t<h4 class=\"uppercase text-center\">Products' information<\/h4>\n\t\t\t<ul class=\"nav nav-pills nav-uppercase nav-size-normal nav-center\" role=\"tablist\"><li id=\"tab-technical-data\" class=\"tab active has-icon\" role=\"presentation\"><a href=\"#tab_technical-data\" role=\"tab\" aria-selected=\"true\" aria-controls=\"tab_technical-data\"><span>Technical Data<\/span><\/a><\/li>\n<li id=\"tab-using-instruction\" class=\"tab has-icon\" role=\"presentation\"><a href=\"#tab_using-instruction\" tabindex=\"-1\" role=\"tab\" aria-selected=\"false\" aria-controls=\"tab_using-instruction\"><span>Using Instruction<\/span><\/a><\/li>\n<li id=\"tab-film-properties\" class=\"tab has-icon\" role=\"presentation\"><a href=\"#tab_film-properties\" tabindex=\"-1\" role=\"tab\" aria-selected=\"false\" aria-controls=\"tab_film-properties\"><span>Film Properties<\/span><\/a><\/li>\n<li id=\"tab-controlled-materials\" class=\"tab has-icon\" role=\"presentation\"><a href=\"#tab_controlled-materials\" tabindex=\"-1\" role=\"tab\" aria-selected=\"false\" aria-controls=\"tab_controlled-materials\"><span>Controlled materials<\/span><\/a><\/li><\/ul><div class=\"tab-panels\"><div id=\"tab_technical-data\" class=\"panel active entry-content\" role=\"tabpanel\" aria-labelledby=\"tab-technical-data\">\n\n<table style=\"border: 2px solid #003399; border-collapse: collapse; width: 100%;\">\n<tbody>\n<tr style=\"background-color: #003399; color: white;\">\n<th style=\"border: 1px solid #003399; padding: 8px;\">Categories<\/th>\n<th style=\"border: 1px solid #003399; padding: 8px;\">Data<\/th>\n<\/tr>\n<tr>\n<td style=\"border: 1px solid #003399; padding: 8px;\"><strong>Specific Gravity at temperature 27-37\u00b0C<\/strong><\/td>\n<td style=\"border: 1px solid #003399; padding: 8px;\">0.8 &#8211; 1.0 g\/cm\u00b3<\/td>\n<\/tr>\n<tr>\n<td style=\"border: 1px solid #003399; padding: 8px;\"><strong>Solid Content(%)<\/strong><\/td>\n<td style=\"border: 1px solid #003399; padding: 8px;\">18 \u2013 20 %<\/td>\n<\/tr>\n<tr>\n<td style=\"border: 1px solid #003399; padding: 8px;\"><strong>Ph level<\/strong><\/td>\n<td style=\"border: 1px solid #003399; padding: 8px;\">8.0 \u2013 10.0<\/td>\n<\/tr>\n<tr>\n<td style=\"border: 1px solid #003399; padding: 8px;\"><strong>Viscosity: At temperature from 27 to 37\u00b0C and air humidity \u2264 70%<\/strong><\/td>\n<td style=\"border: 1px solid #003399; padding: 8px;\">9 \u2013 13 secs cup F#4<\/td>\n<\/tr>\n<tr>\n<td style=\"border: 1px solid #003399; padding: 8px;\"><strong>Binder Type<\/strong><\/td>\n<td style=\"border: 1px solid #003399; padding: 8px;\">Modified Polysiloxane<\/td>\n<\/tr>\n<\/tbody>\n<\/table>\n\n<\/div>\n<div id=\"tab_using-instruction\" class=\"panel entry-content\" role=\"tabpanel\" aria-labelledby=\"tab-using-instruction\">\n\n<table style=\"border: 2px solid #003399; border-collapse: collapse; width: 100%;\">\n<tbody>\n<tr style=\"background-color: #003399; color: white;\">\n<th style=\"border: 1px solid #003399; padding: 8px;\"><\/th>\n<th style=\"border: 1px solid #003399; padding: 8px;\">Data<\/th>\n<\/tr>\n<tr>\n<td style=\"border: 1px solid #003399; padding: 8px;\"><strong>Application Method<\/strong><\/td>\n<td style=\"border: 1px solid #003399; padding: 8px;\">Spray<\/td>\n<\/tr>\n<tr>\n<td style=\"border: 1px solid #003399; padding: 8px;\"><strong>Application Temperature<\/strong><\/td>\n<td style=\"border: 1px solid #003399; padding: 8px;\">18\u00b0C \u2013 40\u00b0C<\/td>\n<\/tr>\n<tr>\n<td style=\"border: 1px solid #003399; padding: 8px;\"><strong>Touch-dry Time (27-37\u00b0C)<\/strong><\/td>\n<td style=\"border: 1px solid #003399; padding: 8px;\">15 \u2013 20 mins<\/td>\n<\/tr>\n<tr>\n<td style=\"border: 1px solid #003399; padding: 8px;\"><strong>Hard-dry Time (27-37\u00b0C)<\/strong><\/td>\n<td style=\"border: 1px solid #003399; padding: 8px;\">30 \u2013 45 mins<\/td>\n<\/tr>\n<tr>\n<td style=\"border: 1px solid #003399; padding: 8px;\"><strong>Shelf life<\/strong><\/td>\n<td style=\"border: 1px solid #003399; padding: 8px;\">6 months<\/td>\n<\/tr>\n<tr>\n<td style=\"border: 1px solid #003399; padding: 8px;\"><strong>Reservation in a cool ventilated room at temperature<\/strong><\/td>\n<td style=\"border: 1px solid #003399; padding: 8px;\">5\u00b0C &#8211; 40\u00b0C<\/td>\n<\/tr>\n<tr>\n<td style=\"border: 1px solid #003399; padding: 8px;\"><strong>Theoretical Coverage (m2\/Kg)<\/strong><\/td>\n<td style=\"border: 1px solid #003399; padding: 8px;\">10 \u2013 12 (Depends on the smoothness level of wood surface)<\/td>\n<\/tr>\n<tr>\n<td style=\"border: 1px solid #003399; padding: 8px;\"><b>Preparation Instruction<\/b><\/td>\n<td style=\"border: 1px solid #003399; padding: 8px;\">Product surfaces must be clean, dry and flat, smooth not to stick to oil, grease, dirt. Sanding if necessary, then to wipe dust before spraying paint.<\/td>\n<\/tr>\n<tr>\n<td style=\"border: 1px solid #003399; padding: 8px;\"><b>Coating System<\/b><\/td>\n<td style=\"border: 1px solid #003399; padding: 8px;\">Spraying 1-2 layers of Clear sealer WST 101, then spraying 1-2 layers of white ATM primer (with or without hardener)<\/td>\n<\/tr>\n<tr>\n<td style=\"border: 1px solid #003399; padding: 8px;\"><b>Mixing Ratio<\/b><\/td>\n<td style=\"border: 1px solid #003399; padding: 8px;\">Ready for use<\/p>\n<p>Reducer: W8043 \/ ZD28006<\/td>\n<\/tr>\n<\/tbody>\n<\/table>\n\n<\/div>\n<div id=\"tab_film-properties\" class=\"panel entry-content\" role=\"tabpanel\" aria-labelledby=\"tab-film-properties\">\n\n<table style=\"border: 2px solid #003399; border-collapse: collapse; width: 100%;\">\n<tbody>\n<tr style=\"background-color: #003399; color: white;\">\n<th style=\"border: 1px solid #003399; padding: 8px;\">Firm Properties<\/th>\n<th style=\"border: 1px solid #003399; padding: 8px;\">Result<\/th>\n<\/tr>\n<tr>\n<td style=\"border: 1px solid #003399; padding: 8px;\" width=\"309\"><strong>Touch-dry Time<\/strong><\/td>\n<td style=\"border: 1px solid #003399; padding: 8px;\" width=\"276\">15 \u2013 20 mins<\/td>\n<\/tr>\n<tr>\n<td style=\"border: 1px solid #003399; padding: 8px;\" width=\"309\"><strong>Hard-dry Time<\/strong><\/td>\n<td style=\"border: 1px solid #003399; padding: 8px;\" width=\"276\">30 \u2013 45 mins<\/td>\n<\/tr>\n<tr>\n<td style=\"border: 1px solid #003399; padding: 8px;\" width=\"309\"><strong>Adhession<\/strong><\/td>\n<td style=\"border: 1px solid #003399; padding: 8px;\" width=\"276\">100 mm2. No Detachment.<\/td>\n<\/tr>\n<tr>\n<td style=\"border: 1px solid #003399; padding: 8px;\" width=\"309\"><strong>Flexibility<\/strong><\/td>\n<td style=\"border: 1px solid #003399; padding: 8px;\" width=\"276\">\u2264 2mm Mandrel<\/td>\n<\/tr>\n<tr>\n<td style=\"border: 1px solid #003399; padding: 8px;\" width=\"309\"><strong>Impact<\/strong><\/td>\n<td style=\"border: 1px solid #003399; padding: 8px;\" width=\"276\">\u2265 45cm<\/td>\n<\/tr>\n<tr>\n<td style=\"border: 1px solid #003399; padding: 8px;\" width=\"309\"><strong>Gouge Hardness<\/strong><\/td>\n<td style=\"border: 1px solid #003399; padding: 8px;\" width=\"276\">HB<\/td>\n<\/tr>\n<\/tbody>\n<\/table>\n\n<\/div>\n<div id=\"tab_controlled-materials\" class=\"panel entry-content\" role=\"tabpanel\" aria-labelledby=\"tab-controlled-materials\">\n\n<table style=\"border: 2px solid #003399; border-collapse: collapse; width: 100%;\">\n<tbody>\n<tr style=\"background-color: #003399; color: white;\">\n<th style=\"border: 1px solid #003399; padding: 8px;\">Controlled materials in the wet paint<\/th>\n<th style=\"border: 1px solid #003399; padding: 8px;\">Concentration<\/th>\n<\/tr>\n<tr>\n<td style=\"border: 1px solid #003399; padding: 8px;\" width=\"309\"><strong>Aromatic Hydrocarbon<\/strong><\/td>\n<td style=\"border: 1px solid #003399; padding: 8px;\" width=\"276\">0 mg\/kg<\/td>\n<\/tr>\n<tr>\n<td style=\"border: 1px solid #003399; padding: 8px;\" width=\"309\"><strong>Halogenated Compound<\/strong><\/td>\n<td style=\"border: 1px solid #003399; padding: 8px;\" width=\"276\">0 mg\/kg<\/td>\n<\/tr>\n<tr>\n<td style=\"border: 1px solid #003399; padding: 8px;\" width=\"309\"><strong>Formaldehyde<\/strong><\/td>\n<td style=\"border: 1px solid #003399; padding: 8px;\" width=\"276\">0 mg\/kg<\/td>\n<\/tr>\n<tr>\n<td style=\"border: 1px solid #003399; padding: 8px;\" width=\"309\"><strong>Mercury<\/strong><\/td>\n<td style=\"border: 1px solid #003399; padding: 8px;\" width=\"276\">0 mg\/kg<\/td>\n<\/tr>\n<tr>\n<td style=\"border: 1px solid #003399; padding: 8px;\" width=\"309\"><strong>Lead<\/strong><\/td>\n<td style=\"border: 1px solid #003399; padding: 8px;\" width=\"276\">0 mg\/kg<\/td>\n<\/tr>\n<tr>\n<td style=\"border: 1px solid #003399; padding: 8px;\" width=\"309\"><strong>Cadmium<\/strong><\/td>\n<td style=\"border: 1px solid #003399; padding: 8px;\" width=\"276\">0 mg\/kg<\/td>\n<\/tr>\n<tr>\n<td style=\"border: 1px solid #003399; padding: 8px;\" width=\"309\"><strong>Chromium<\/strong><\/td>\n<td style=\"border: 1px solid #003399; padding: 8px;\" width=\"276\">0 mg\/kg<\/td>\n<\/tr>\n<tr>\n<td style=\"border: 1px solid #003399; padding: 8px;\" width=\"309\"><strong>Total Volatile Organic Content (TVOC)<\/strong><\/td>\n<td style=\"border: 1px solid #003399; padding: 8px;\" width=\"276\">&lt; 130 g\/L<\/td>\n<\/tr>\n<\/tbody>\n<\/table>\n\n<\/div><\/div><\/div>\n","protected":false},"excerpt":{"rendered":"<ul>\n<li data-start=\"34\" data-end=\"74\">\n<p data-start=\"36\" data-end=\"74\">T\u1ef1 li\u00ean k\u1ebft ch\u00e9o, \u0111\u00f3ng r\u1eafn nhanh<\/p>\n<\/li>\n<li data-start=\"75\" data-end=\"112\">\n<p data-start=\"77\" data-end=\"112\">Kh\u1ea3 n\u0103ng ch\u1ed1ng n\u01b0\u1edbc v\u01b0\u1ee3t tr\u1ed9i<\/p>\n<\/li>\n<li data-start=\"113\" data-end=\"144\">\n<p data-start=\"115\" data-end=\"144\">D\u1ec5 ch\u00e0 nh\u00e1m, b\u1ec1 m\u1eb7t m\u1ecbn<\/p>\n<\/li>\n<li data-start=\"145\" data-end=\"197\">\n<p data-start=\"147\" data-end=\"197\">\u0110\u1ed9 b\u00e1m d\u00ednh tuy\u1ec7t v\u1eddi tr\u00ean nhi\u1ec1u lo\u1ea1i b\u1ec1 m\u1eb7t<\/p>\n<\/li>\n<li data-start=\"198\" data-end=\"272\">\n<p data-start=\"200\" data-end=\"272\">Kh\u1ea3 n\u0103ng l\u00e0m n\u1ed5i b\u1eadt v\u00e2n g\u1ed7 xu\u1ea5t s\u1eafc (d\u00f9ng cho s\u01a1n\/ph\u1ee7 trong su\u1ed1t)<\/p>\n<\/li>\n<li data-start=\"273\" data-end=\"338\">\n<p data-start=\"275\" data-end=\"338\">Kh\u1ea3 n\u0103ng ch\u1ed1ng tanin v\u01b0\u1ee3t tr\u1ed9i m\u00e0 kh\u00f4ng c\u1ea7n ch\u1ea5t \u0111\u00f3ng r\u1eafn<\/p>\n<\/li>\n<li><\/li>\n<\/ul>\n","protected":false},"featured_media":2065,"template":"","meta":[],"product_cat":[289,283],"product_tag":[],"class_list":["post-3329","product","type-product","status-publish","has-post-thumbnail","hentry","product_cat-biomass-interior-water-based-wood-sealer","product_cat-biomass-interior-water-based-wood-coating"],"yoast_head":"<!-- This site is optimized with the Yoast SEO plugin v22.6 - https:\/\/yoast.com\/wordpress\/plugins\/seo\/ -->\n<title>CLEAR SEALER WST101 - BIOMASS<\/title>\n<meta name=\"description\" content=\"Clear Sealer WST 101 is a water-based rapid single component Modified Polysiloxane Sealer formulated specially for application on timber substrate\" \/>\n<meta name=\"robots\" content=\"index, follow, max-snippet:-1, max-image-preview:large, max-video-preview:-1\" \/>\n<link rel=\"canonical\" href=\"https:\/\/biomasscoating.com\/en\/san-pham\/clear-water-based-sealer-wst101-biomass\/\" \/>\n<meta property=\"og:locale\" content=\"en_US\" \/>\n<meta property=\"og:type\" content=\"article\" \/>\n<meta property=\"og:title\" content=\"CLEAR SEALER WST101 - BIOMASS\" \/>\n<meta property=\"og:description\" content=\"Clear Sealer WST 101 is a water-based rapid single component Modified Polysiloxane Sealer formulated specially for application on timber substrate\" \/>\n<meta property=\"og:url\" content=\"https:\/\/biomasscoating.com\/en\/san-pham\/clear-water-based-sealer-wst101-biomass\/\" \/>\n<meta property=\"og:site_name\" content=\"BIOMASS\" \/>\n<meta property=\"article:publisher\" content=\"https:\/\/www.facebook.com\/congtycophansinhhoaquocte\" \/>\n<meta property=\"article:modified_time\" content=\"2026-03-04T03:35:17+00:00\" \/>\n<meta property=\"og:image\" content=\"https:\/\/biomasscoating.com\/wp-content\/uploads\/2024\/11\/son-go-goc-nuoc-wb-biomass-trong-nha.jpg\" \/>\n\t<meta property=\"og:image:width\" content=\"1000\" \/>\n\t<meta property=\"og:image:height\" content=\"1000\" \/>\n\t<meta property=\"og:image:type\" content=\"image\/jpeg\" \/>\n<meta name=\"twitter:card\" content=\"summary_large_image\" \/>\n<meta name=\"twitter:label1\" content=\"Est. reading time\" \/>\n\t<meta name=\"twitter:data1\" content=\"2 minutes\" \/>\n<script type=\"application\/ld+json\" class=\"yoast-schema-graph\">{\"@context\":\"https:\/\/schema.org\",\"@graph\":[{\"@type\":\"WebPage\",\"@id\":\"https:\/\/biomasscoating.com\/en\/san-pham\/clear-water-based-sealer-wst101-biomass\/\",\"url\":\"https:\/\/biomasscoating.com\/en\/san-pham\/clear-water-based-sealer-wst101-biomass\/\",\"name\":\"CLEAR SEALER WST101 - BIOMASS\",\"isPartOf\":{\"@id\":\"https:\/\/biomasscoating.com\/en\/#website\"},\"primaryImageOfPage\":{\"@id\":\"https:\/\/biomasscoating.com\/en\/san-pham\/clear-water-based-sealer-wst101-biomass\/#primaryimage\"},\"image\":{\"@id\":\"https:\/\/biomasscoating.com\/en\/san-pham\/clear-water-based-sealer-wst101-biomass\/#primaryimage\"},\"thumbnailUrl\":\"https:\/\/biomasscoating.com\/wp-content\/uploads\/2024\/11\/son-go-goc-nuoc-wb-biomass-trong-nha.jpg\",\"datePublished\":\"2026-03-04T02:26:02+00:00\",\"dateModified\":\"2026-03-04T03:35:17+00:00\",\"description\":\"Clear Sealer WST 101 is a water-based rapid single component Modified Polysiloxane Sealer formulated specially for application on timber substrate\",\"breadcrumb\":{\"@id\":\"https:\/\/biomasscoating.com\/en\/san-pham\/clear-water-based-sealer-wst101-biomass\/#breadcrumb\"},\"inLanguage\":\"en-US\",\"potentialAction\":[{\"@type\":\"ReadAction\",\"target\":[\"https:\/\/biomasscoating.com\/en\/san-pham\/clear-water-based-sealer-wst101-biomass\/\"]}]},{\"@type\":\"ImageObject\",\"inLanguage\":\"en-US\",\"@id\":\"https:\/\/biomasscoating.com\/en\/san-pham\/clear-water-based-sealer-wst101-biomass\/#primaryimage\",\"url\":\"https:\/\/biomasscoating.com\/wp-content\/uploads\/2024\/11\/son-go-goc-nuoc-wb-biomass-trong-nha.jpg\",\"contentUrl\":\"https:\/\/biomasscoating.com\/wp-content\/uploads\/2024\/11\/son-go-goc-nuoc-wb-biomass-trong-nha.jpg\",\"width\":1000,\"height\":1000,\"caption\":\"S\u01a1n g\u1ed7 g\u1ed1c n\u01b0\u1edbc trong nh\u00e0 Biomass \u0111\u1eb9p, b\u1ec1n, an to\u00e0n.\"},{\"@type\":\"BreadcrumbList\",\"@id\":\"https:\/\/biomasscoating.com\/en\/san-pham\/clear-water-based-sealer-wst101-biomass\/#breadcrumb\",\"itemListElement\":[{\"@type\":\"ListItem\",\"position\":1,\"name\":\"Trang ch\u1ee7\",\"item\":\"https:\/\/biomasscoating.com\/en\/\"},{\"@type\":\"ListItem\",\"position\":2,\"name\":\"S\u1ea2N PH\u1ea8M BIOMASS\",\"item\":\"https:\/\/biomasscoating.com\/son-go-goc-nuoc\/\"},{\"@type\":\"ListItem\",\"position\":3,\"name\":\"CLEAR SEALER WST101\"}]},{\"@type\":\"WebSite\",\"@id\":\"https:\/\/biomasscoating.com\/en\/#website\",\"url\":\"https:\/\/biomasscoating.com\/en\/\",\"name\":\"BIOMASS\",\"description\":\"S\u01a0N G\u1ed6 G\u1ed0C N\u01af\u1edaC CAO C\u1ea4P\",\"publisher\":{\"@id\":\"https:\/\/biomasscoating.com\/en\/#organization\"},\"potentialAction\":[{\"@type\":\"SearchAction\",\"target\":{\"@type\":\"EntryPoint\",\"urlTemplate\":\"https:\/\/biomasscoating.com\/en\/?s={search_term_string}\"},\"query-input\":\"required name=search_term_string\"}],\"inLanguage\":\"en-US\"},{\"@type\":\"Organization\",\"@id\":\"https:\/\/biomasscoating.com\/en\/#organization\",\"name\":\"BIOMASS\",\"url\":\"https:\/\/biomasscoating.com\/en\/\",\"logo\":{\"@type\":\"ImageObject\",\"inLanguage\":\"en-US\",\"@id\":\"https:\/\/biomasscoating.com\/en\/#\/schema\/logo\/image\/\",\"url\":\"https:\/\/biomasscoating.com\/wp-content\/uploads\/2024\/05\/biomass-logo-vi.png\",\"contentUrl\":\"https:\/\/biomasscoating.com\/wp-content\/uploads\/2024\/05\/biomass-logo-vi.png\",\"width\":500,\"height\":500,\"caption\":\"BIOMASS\"},\"image\":{\"@id\":\"https:\/\/biomasscoating.com\/en\/#\/schema\/logo\/image\/\"},\"sameAs\":[\"https:\/\/www.facebook.com\/congtycophansinhhoaquocte\",\"https:\/\/www.youtube.com\/channel\/UCuHX121GTiESU-y847uJm2w\"]}]}<\/script>\n<!-- \/ Yoast SEO plugin. -->","yoast_head_json":{"title":"CLEAR SEALER WST101 - BIOMASS","description":"Clear Sealer WST 101 is a water-based rapid single component Modified Polysiloxane Sealer formulated specially for application on timber substrate","robots":{"index":"index","follow":"follow","max-snippet":"max-snippet:-1","max-image-preview":"max-image-preview:large","max-video-preview":"max-video-preview:-1"},"canonical":"https:\/\/biomasscoating.com\/en\/san-pham\/clear-water-based-sealer-wst101-biomass\/","og_locale":"en_US","og_type":"article","og_title":"CLEAR SEALER WST101 - BIOMASS","og_description":"Clear Sealer WST 101 is a water-based rapid single component Modified Polysiloxane Sealer formulated specially for application on timber substrate","og_url":"https:\/\/biomasscoating.com\/en\/san-pham\/clear-water-based-sealer-wst101-biomass\/","og_site_name":"BIOMASS","article_publisher":"https:\/\/www.facebook.com\/congtycophansinhhoaquocte","article_modified_time":"2026-03-04T03:35:17+00:00","og_image":[{"width":1000,"height":1000,"url":"https:\/\/biomasscoating.com\/wp-content\/uploads\/2024\/11\/son-go-goc-nuoc-wb-biomass-trong-nha.jpg","type":"image\/jpeg"}],"twitter_card":"summary_large_image","twitter_misc":{"Est. reading time":"2 minutes"},"schema":{"@context":"https:\/\/schema.org","@graph":[{"@type":"WebPage","@id":"https:\/\/biomasscoating.com\/en\/san-pham\/clear-water-based-sealer-wst101-biomass\/","url":"https:\/\/biomasscoating.com\/en\/san-pham\/clear-water-based-sealer-wst101-biomass\/","name":"CLEAR SEALER WST101 - BIOMASS","isPartOf":{"@id":"https:\/\/biomasscoating.com\/en\/#website"},"primaryImageOfPage":{"@id":"https:\/\/biomasscoating.com\/en\/san-pham\/clear-water-based-sealer-wst101-biomass\/#primaryimage"},"image":{"@id":"https:\/\/biomasscoating.com\/en\/san-pham\/clear-water-based-sealer-wst101-biomass\/#primaryimage"},"thumbnailUrl":"https:\/\/biomasscoating.com\/wp-content\/uploads\/2024\/11\/son-go-goc-nuoc-wb-biomass-trong-nha.jpg","datePublished":"2026-03-04T02:26:02+00:00","dateModified":"2026-03-04T03:35:17+00:00","description":"Clear Sealer WST 101 is a water-based rapid single component Modified Polysiloxane Sealer formulated specially for application on timber substrate","breadcrumb":{"@id":"https:\/\/biomasscoating.com\/en\/san-pham\/clear-water-based-sealer-wst101-biomass\/#breadcrumb"},"inLanguage":"en-US","potentialAction":[{"@type":"ReadAction","target":["https:\/\/biomasscoating.com\/en\/san-pham\/clear-water-based-sealer-wst101-biomass\/"]}]},{"@type":"ImageObject","inLanguage":"en-US","@id":"https:\/\/biomasscoating.com\/en\/san-pham\/clear-water-based-sealer-wst101-biomass\/#primaryimage","url":"https:\/\/biomasscoating.com\/wp-content\/uploads\/2024\/11\/son-go-goc-nuoc-wb-biomass-trong-nha.jpg","contentUrl":"https:\/\/biomasscoating.com\/wp-content\/uploads\/2024\/11\/son-go-goc-nuoc-wb-biomass-trong-nha.jpg","width":1000,"height":1000,"caption":"S\u01a1n g\u1ed7 g\u1ed1c n\u01b0\u1edbc trong nh\u00e0 Biomass \u0111\u1eb9p, b\u1ec1n, an to\u00e0n."},{"@type":"BreadcrumbList","@id":"https:\/\/biomasscoating.com\/en\/san-pham\/clear-water-based-sealer-wst101-biomass\/#breadcrumb","itemListElement":[{"@type":"ListItem","position":1,"name":"Trang ch\u1ee7","item":"https:\/\/biomasscoating.com\/en\/"},{"@type":"ListItem","position":2,"name":"S\u1ea2N PH\u1ea8M BIOMASS","item":"https:\/\/biomasscoating.com\/son-go-goc-nuoc\/"},{"@type":"ListItem","position":3,"name":"CLEAR SEALER WST101"}]},{"@type":"WebSite","@id":"https:\/\/biomasscoating.com\/en\/#website","url":"https:\/\/biomasscoating.com\/en\/","name":"BIOMASS","description":"S\u01a0N G\u1ed6 G\u1ed0C N\u01af\u1edaC CAO C\u1ea4P","publisher":{"@id":"https:\/\/biomasscoating.com\/en\/#organization"},"potentialAction":[{"@type":"SearchAction","target":{"@type":"EntryPoint","urlTemplate":"https:\/\/biomasscoating.com\/en\/?s={search_term_string}"},"query-input":"required name=search_term_string"}],"inLanguage":"en-US"},{"@type":"Organization","@id":"https:\/\/biomasscoating.com\/en\/#organization","name":"BIOMASS","url":"https:\/\/biomasscoating.com\/en\/","logo":{"@type":"ImageObject","inLanguage":"en-US","@id":"https:\/\/biomasscoating.com\/en\/#\/schema\/logo\/image\/","url":"https:\/\/biomasscoating.com\/wp-content\/uploads\/2024\/05\/biomass-logo-vi.png","contentUrl":"https:\/\/biomasscoating.com\/wp-content\/uploads\/2024\/05\/biomass-logo-vi.png","width":500,"height":500,"caption":"BIOMASS"},"image":{"@id":"https:\/\/biomasscoating.com\/en\/#\/schema\/logo\/image\/"},"sameAs":["https:\/\/www.facebook.com\/congtycophansinhhoaquocte","https:\/\/www.youtube.com\/channel\/UCuHX121GTiESU-y847uJm2w"]}]}},"_links":{"self":[{"href":"https:\/\/biomasscoating.com\/en\/wp-json\/wp\/v2\/product\/3329","targetHints":{"allow":["GET"]}}],"collection":[{"href":"https:\/\/biomasscoating.com\/en\/wp-json\/wp\/v2\/product"}],"about":[{"href":"https:\/\/biomasscoating.com\/en\/wp-json\/wp\/v2\/types\/product"}],"wp:featuredmedia":[{"embeddable":true,"href":"https:\/\/biomasscoating.com\/en\/wp-json\/wp\/v2\/media\/2065"}],"wp:attachment":[{"href":"https:\/\/biomasscoating.com\/en\/wp-json\/wp\/v2\/media?parent=3329"}],"wp:term":[{"taxonomy":"product_cat","embeddable":true,"href":"https:\/\/biomasscoating.com\/en\/wp-json\/wp\/v2\/product_cat?post=3329"},{"taxonomy":"product_tag","embeddable":true,"href":"https:\/\/biomasscoating.com\/en\/wp-json\/wp\/v2\/product_tag?post=3329"}],"curies":[{"name":"wp","href":"https:\/\/api.w.org\/{rel}","templated":true}]}}