{"id":3316,"date":"2026-03-03T10:56:11","date_gmt":"2026-03-03T03:56:11","guid":{"rendered":"https:\/\/biomasscoating.com\/san-pham\/son-bong-goc-nuoc-10-url6406-10-biomass\/"},"modified":"2026-03-03T11:12:14","modified_gmt":"2026-03-03T04:12:14","slug":"uv-clear-topcoat-10-url6406-10-biomass","status":"publish","type":"product","link":"https:\/\/biomasscoating.com\/en\/san-pham\/uv-clear-topcoat-10-url6406-10-biomass\/","title":{"rendered":"UV CLEAR TOPCOAT 10% URL6406-10%"},"content":{"rendered":"\n\t\t<div class=\"tabbed-content\">\n\t\t\t<h4 class=\"uppercase text-center\">Products' information<\/h4>\n\t\t\t<ul class=\"nav nav-pills nav-uppercase nav-size-normal nav-center\" role=\"tablist\"><li id=\"tab-technical-data\" class=\"tab active has-icon\" role=\"presentation\"><a href=\"#tab_technical-data\" role=\"tab\" aria-selected=\"true\" aria-controls=\"tab_technical-data\"><span>Technical Data<\/span><\/a><\/li>\n<li id=\"tab-using-instruction\" class=\"tab has-icon\" role=\"presentation\"><a href=\"#tab_using-instruction\" tabindex=\"-1\" role=\"tab\" aria-selected=\"false\" aria-controls=\"tab_using-instruction\"><span>Using Instruction<\/span><\/a><\/li>\n<li id=\"tab-film-properties\" class=\"tab has-icon\" role=\"presentation\"><a href=\"#tab_film-properties\" tabindex=\"-1\" role=\"tab\" aria-selected=\"false\" aria-controls=\"tab_film-properties\"><span>Film Properties<\/span><\/a><\/li>\n<li id=\"tab-controlled-materials\" class=\"tab has-icon\" role=\"presentation\"><a href=\"#tab_controlled-materials\" tabindex=\"-1\" role=\"tab\" aria-selected=\"false\" aria-controls=\"tab_controlled-materials\"><span>Controlled materials<\/span><\/a><\/li><\/ul><div class=\"tab-panels\"><div id=\"tab_technical-data\" class=\"panel active entry-content\" role=\"tabpanel\" aria-labelledby=\"tab-technical-data\">\n\n<table style=\"border: 2px solid #003399; border-collapse: collapse; width: 100%;\">\n<tbody>\n<tr style=\"background-color: #003399; color: white;\">\n<th style=\"border: 1px solid #003399; padding: 8px;\">Categories<\/th>\n<th style=\"border: 1px solid #003399; padding: 8px;\">Data<\/th>\n<\/tr>\n<tr>\n<td style=\"border: 1px solid #003399; padding: 8px;\"><strong>Specific Gravity at temperature 27-37\u00b0C<\/strong><\/td>\n<td style=\"border: 1px solid #003399; padding: 8px;\">1.05 &#8211; 1.15 g\/cm\u00b3<\/td>\n<\/tr>\n<tr>\n<td style=\"border: 1px solid #003399; padding: 8px;\"><strong>Solid Content(%)<\/strong><\/td>\n<td style=\"border: 1px solid #003399; padding: 8px;\">95 \u2013 100%<\/td>\n<\/tr>\n<tr>\n<td style=\"border: 1px solid #003399; padding: 8px;\"><strong>Viscosity: At temperature from 27 to 37\u00b0C and air humidity \u2264 70%<\/strong><\/td>\n<td style=\"border: 1px solid #003399; padding: 8px;\">200-1400 cps Brookfield or 17-53 sec (Cup DIN#6)<\/td>\n<\/tr>\n<tr>\n<td style=\"border: 1px solid #003399; padding: 8px;\"><strong>Binder Type<\/strong><\/td>\n<td style=\"border: 1px solid #003399; padding: 8px;\">Oligomer urethane acrylate<\/td>\n<\/tr>\n<\/tbody>\n<\/table>\n\n<\/div>\n<div id=\"tab_using-instruction\" class=\"panel entry-content\" role=\"tabpanel\" aria-labelledby=\"tab-using-instruction\">\n\n<table style=\"border: 2px solid #003399; border-collapse: collapse; width: 100%;\">\n<tbody>\n<tr style=\"background-color: #003399; color: white;\">\n<th style=\"border: 1px solid #003399; padding: 8px;\"><\/th>\n<th style=\"border: 1px solid #003399; padding: 8px;\">Data<\/th>\n<\/tr>\n<tr>\n<td style=\"border: 1px solid #003399; padding: 8px;\"><strong>Application Method<\/strong><\/td>\n<td style=\"border: 1px solid #003399; padding: 8px;\">Rolling<\/td>\n<\/tr>\n<tr>\n<td style=\"border: 1px solid #003399; padding: 8px;\"><strong>Application Temperature<\/strong><\/td>\n<td style=\"border: 1px solid #003399; padding: 8px;\">27-37\u00b0C<\/td>\n<\/tr>\n<tr>\n<td style=\"border: 1px solid #003399; padding: 8px;\"><strong>Touch-dry Time (27-37\u00b0C)<\/strong><\/td>\n<td style=\"border: 1px solid #003399; padding: 8px;\">Drying through UV lamp<\/td>\n<\/tr>\n<tr>\n<td style=\"border: 1px solid #003399; padding: 8px;\"><strong>Hard-dry Time (27-37\u00b0C)<\/strong><\/td>\n<td style=\"border: 1px solid #003399; padding: 8px;\">Drying through UV lamp<\/td>\n<\/tr>\n<tr>\n<td style=\"border: 1px solid #003399; padding: 8px;\"><strong>Shelf life<\/strong><\/td>\n<td style=\"border: 1px solid #003399; padding: 8px;\">6 months<\/td>\n<\/tr>\n<tr>\n<td style=\"border: 1px solid #003399; padding: 8px;\"><strong>Reservation in a cool ventilated room at temperature<\/strong><\/td>\n<td style=\"border: 1px solid #003399; padding: 8px;\">5\u00b0C &#8211; 40\u00b0C<\/td>\n<\/tr>\n<tr>\n<td style=\"border: 1px solid #003399; padding: 8px;\"><strong>Theoretical Coverage (m2\/L)<\/strong><\/td>\n<td style=\"border: 1px solid #003399; padding: 8px;\">12 \u2013 18 (Depends on the smoothness level of wood surface)<\/td>\n<\/tr>\n<tr>\n<td style=\"border: 1px solid #003399; padding: 8px;\"><b>Preparation Instruction<\/b><\/td>\n<td style=\"border: 1px solid #003399; padding: 8px;\">Product surfaces must be clean, dry and flat, smooth not to stick to oil, grease, dirt. Sanding if necessary, then to wipe dust before rolling paint.<\/td>\n<\/tr>\n<tr>\n<td style=\"border: 1px solid #003399; padding: 8px;\"><b>Coating System<\/b><\/td>\n<td style=\"border: 1px solid #003399; padding: 8px;\">Rolling 1 coat of basecoat NTR329.13 (double roller coater), followed by 1 coat of NTR329.11 (double roller coater), followed by 1 coat of UV clear topcoat URL6406-10%.<\/td>\n<\/tr>\n<tr>\n<td style=\"border: 1px solid #003399; padding: 8px;\"><b>Mixing Ratio<\/b><\/td>\n<td style=\"border: 1px solid #003399; padding: 8px;\">Ready for use<\/td>\n<\/tr>\n<\/tbody>\n<\/table>\n\n<\/div>\n<div id=\"tab_film-properties\" class=\"panel entry-content\" role=\"tabpanel\" aria-labelledby=\"tab-film-properties\">\n\n<table style=\"border: 2px solid #003399; border-collapse: collapse; width: 100%;\">\n<tbody>\n<tr style=\"background-color: #003399; color: white;\">\n<th style=\"border: 1px solid #003399; padding: 8px;\">Firm Properties<\/th>\n<th style=\"border: 1px solid #003399; padding: 8px;\">Result<\/th>\n<\/tr>\n<tr>\n<td style=\"border: 1px solid #003399; padding: 8px;\" width=\"309\"><strong>Touch-dry Time<\/strong><\/td>\n<td style=\"border: 1px solid #003399; padding: 8px;\" width=\"276\">Drying through UV lamp<\/td>\n<\/tr>\n<tr>\n<td style=\"border: 1px solid #003399; padding: 8px;\" width=\"309\"><strong>Hard-dry Time<\/strong><\/td>\n<td style=\"border: 1px solid #003399; padding: 8px;\" width=\"276\">Drying through UV lamp<\/td>\n<\/tr>\n<tr>\n<td style=\"border: 1px solid #003399; padding: 8px;\" width=\"309\"><strong>Adhession<\/strong><\/td>\n<td style=\"border: 1px solid #003399; padding: 8px;\" width=\"276\">100 mm2. No Detachment.<\/td>\n<\/tr>\n<tr>\n<td style=\"border: 1px solid #003399; padding: 8px;\" width=\"309\"><strong>Flexibility<\/strong><\/td>\n<td style=\"border: 1px solid #003399; padding: 8px;\" width=\"276\">\u2264 2mm Mandrel<\/td>\n<\/tr>\n<tr>\n<td style=\"border: 1px solid #003399; padding: 8px;\" width=\"309\"><strong>Impact<\/strong><\/td>\n<td style=\"border: 1px solid #003399; padding: 8px;\" width=\"276\">\u2265 45cm<\/td>\n<\/tr>\n<tr>\n<td style=\"border: 1px solid #003399; padding: 8px;\" width=\"309\"><strong>Hardness<\/strong><\/td>\n<td style=\"border: 1px solid #003399; padding: 8px;\" width=\"276\">2H &#8211; 3H<\/td>\n<\/tr>\n<\/tbody>\n<\/table>\n\n<\/div>\n<div id=\"tab_controlled-materials\" class=\"panel entry-content\" role=\"tabpanel\" aria-labelledby=\"tab-controlled-materials\">\n\n<table style=\"border: 2px solid #003399; border-collapse: collapse; width: 100%;\">\n<tbody>\n<tr style=\"background-color: #003399; color: white;\">\n<th style=\"border: 1px solid #003399; padding: 8px;\">Controlled materials in the wet paint<\/th>\n<th style=\"border: 1px solid #003399; padding: 8px;\">Concentration<\/th>\n<\/tr>\n<tr>\n<td style=\"border: 1px solid #003399; padding: 8px;\" width=\"309\"><strong>Aromatic Hydrocarbon<\/strong><\/td>\n<td style=\"border: 1px solid #003399; padding: 8px;\" width=\"276\">0 mg\/kg<\/td>\n<\/tr>\n<tr>\n<td style=\"border: 1px solid #003399; padding: 8px;\" width=\"309\"><strong>Halogenated Compound<\/strong><\/td>\n<td style=\"border: 1px solid #003399; padding: 8px;\" width=\"276\">0 mg\/kg<\/td>\n<\/tr>\n<tr>\n<td style=\"border: 1px solid #003399; padding: 8px;\" width=\"309\"><strong>Formaldehyde<\/strong><\/td>\n<td style=\"border: 1px solid #003399; padding: 8px;\" width=\"276\">0 mg\/kg<\/td>\n<\/tr>\n<tr>\n<td style=\"border: 1px solid #003399; padding: 8px;\" width=\"309\"><strong>Mercury<\/strong><\/td>\n<td style=\"border: 1px solid #003399; padding: 8px;\" width=\"276\">0 mg\/kg<\/td>\n<\/tr>\n<tr>\n<td style=\"border: 1px solid #003399; padding: 8px;\" width=\"309\"><strong>Lead<\/strong><\/td>\n<td style=\"border: 1px solid #003399; padding: 8px;\" width=\"276\">0 mg\/kg<\/td>\n<\/tr>\n<tr>\n<td style=\"border: 1px solid #003399; padding: 8px;\" width=\"309\"><strong>Cadmium<\/strong><\/td>\n<td style=\"border: 1px solid #003399; padding: 8px;\" width=\"276\">0 mg\/kg<\/td>\n<\/tr>\n<tr>\n<td style=\"border: 1px solid #003399; padding: 8px;\" width=\"309\"><strong>Chromium<\/strong><\/td>\n<td style=\"border: 1px solid #003399; padding: 8px;\" width=\"276\">0 mg\/kg<\/td>\n<\/tr>\n<tr>\n<td style=\"border: 1px solid #003399; padding: 8px;\" width=\"309\"><strong>Total Volatile Organic Content (TVOC)<\/strong><\/td>\n<td style=\"border: 1px solid #003399; padding: 8px;\" width=\"276\">&lt; 200 g\/L<\/td>\n<\/tr>\n<\/tbody>\n<\/table>\n\n<\/div><\/div><\/div>\n","protected":false},"excerpt":{"rendered":"<ul>\n<li data-start=\"59\" data-end=\"136\">\n<p data-start=\"61\" data-end=\"136\"><strong data-start=\"61\" data-end=\"134\">T\u1ef1 li\u00ean k\u1ebft ngang (Self cross-linking), \u0111\u00f3ng r\u1eafn nhanh (rapid curing)<\/strong><\/p>\n<\/li>\n<li data-start=\"137\" data-end=\"170\">\n<p data-start=\"139\" data-end=\"170\"><strong data-start=\"139\" data-end=\"168\">Kh\u1ea3 n\u0103ng ch\u00e0 nh\u00e1m r\u1ea5t t\u1ed1t<\/strong><\/p>\n<\/li>\n<li data-start=\"171\" data-end=\"208\">\n<p data-start=\"173\" data-end=\"208\"><strong data-start=\"173\" data-end=\"206\">Kh\u1ea3 n\u0103ng kh\u00e1ng n\u01b0\u1edbc v\u01b0\u1ee3t tr\u1ed9i<\/strong><\/p>\n<\/li>\n<li data-start=\"209\" data-end=\"261\">\n<p data-start=\"211\" data-end=\"261\"><strong data-start=\"211\" data-end=\"259\">\u0110\u1ed9 b\u00e1m d\u00ednh tuy\u1ec7t v\u1eddi tr\u00ean nhi\u1ec1u lo\u1ea1i b\u1ec1 m\u1eb7t<\/strong><\/p>\n<\/li>\n<li data-start=\"262\" data-end=\"295\">\n<p data-start=\"264\" data-end=\"295\"><strong data-start=\"264\" data-end=\"293\">Kh\u1ea3 n\u0103ng ch\u1ed1ng tia UV t\u1ed1t<\/strong><\/p>\n<\/li>\n<li data-start=\"296\" data-end=\"356\">\n<p data-start=\"298\" data-end=\"356\"><strong data-start=\"298\" data-end=\"354\">Kh\u1ea3 n\u0103ng l\u00e0m n\u1ed5i v\u00e2n g\u1ed7 cao (\u0111\u1ed1i v\u1edbi s\u01a1n trong su\u1ed1t)<\/strong><\/p>\n<\/li>\n<li data-start=\"357\" data-end=\"397\">\n<p data-start=\"359\" data-end=\"397\"><strong data-start=\"359\" data-end=\"395\">Kh\u1ea3 n\u0103ng ch\u1ed1ng n\u1ea5m m\u1ed1c v\u01b0\u1ee3t tr\u1ed9i<\/strong><\/p>\n<\/li>\n<li data-start=\"398\" data-end=\"438\">\n<p data-start=\"400\" data-end=\"438\"><strong data-start=\"400\" data-end=\"436\">\u0110\u1ed9 c\u1ee9ng cao, ch\u1ed1ng tr\u1ea7y x\u01b0\u1edbc t\u1ed1t<\/strong><\/p>\n<\/li>\n<li data-start=\"439\" data-end=\"472\">\n<p data-start=\"441\" data-end=\"472\"><strong data-start=\"441\" data-end=\"472\">Kh\u1ea3 n\u0103ng kh\u00e1ng dung m\u00f4i cao<\/strong><\/p>\n<\/li>\n<\/ul>\n","protected":false},"featured_media":3310,"template":"","meta":[],"product_cat":[311],"product_tag":[],"class_list":["post-3316","product","type-product","status-publish","has-post-thumbnail","hentry","product_cat-uv-coating"],"yoast_head":"<!-- This site is optimized with the Yoast SEO plugin v22.6 - https:\/\/yoast.com\/wordpress\/plugins\/seo\/ -->\n<title>UV CLEAR TOPCOAT 10% URL6406-10% - BIOMASS<\/title>\n<meta name=\"description\" content=\"UV Clear Topcoat 10% URL6406\u201310% is urethane acrylate oligomer sealer formulated specially for application on timber substrate via rolling application.\" \/>\n<meta name=\"robots\" content=\"index, follow, max-snippet:-1, max-image-preview:large, max-video-preview:-1\" \/>\n<link rel=\"canonical\" href=\"https:\/\/biomasscoating.com\/en\/san-pham\/uv-clear-topcoat-10-url6406-10-biomass\/\" \/>\n<meta property=\"og:locale\" content=\"en_US\" \/>\n<meta property=\"og:type\" content=\"article\" \/>\n<meta property=\"og:title\" content=\"UV CLEAR TOPCOAT 10% URL6406-10% - BIOMASS\" \/>\n<meta property=\"og:description\" content=\"UV Clear Topcoat 10% URL6406\u201310% is urethane acrylate oligomer sealer formulated specially for application on timber substrate via rolling application.\" \/>\n<meta property=\"og:url\" content=\"https:\/\/biomasscoating.com\/en\/san-pham\/uv-clear-topcoat-10-url6406-10-biomass\/\" \/>\n<meta property=\"og:site_name\" content=\"BIOMASS\" \/>\n<meta property=\"article:publisher\" content=\"https:\/\/www.facebook.com\/congtycophansinhhoaquocte\" \/>\n<meta property=\"article:modified_time\" content=\"2026-03-03T04:12:14+00:00\" \/>\n<meta property=\"og:image\" content=\"https:\/\/biomasscoating.com\/wp-content\/uploads\/2026\/03\/SON-MAU-LAU-GOC-NUOC-2.png\" \/>\n\t<meta property=\"og:image:width\" content=\"1000\" \/>\n\t<meta property=\"og:image:height\" content=\"1000\" \/>\n\t<meta property=\"og:image:type\" content=\"image\/png\" \/>\n<meta name=\"twitter:card\" content=\"summary_large_image\" \/>\n<meta name=\"twitter:label1\" content=\"Est. reading time\" \/>\n\t<meta name=\"twitter:data1\" content=\"2 minutes\" \/>\n<script type=\"application\/ld+json\" class=\"yoast-schema-graph\">{\"@context\":\"https:\/\/schema.org\",\"@graph\":[{\"@type\":\"WebPage\",\"@id\":\"https:\/\/biomasscoating.com\/en\/san-pham\/uv-clear-topcoat-10-url6406-10-biomass\/\",\"url\":\"https:\/\/biomasscoating.com\/en\/san-pham\/uv-clear-topcoat-10-url6406-10-biomass\/\",\"name\":\"UV CLEAR TOPCOAT 10% URL6406-10% - BIOMASS\",\"isPartOf\":{\"@id\":\"https:\/\/biomasscoating.com\/en\/#website\"},\"primaryImageOfPage\":{\"@id\":\"https:\/\/biomasscoating.com\/en\/san-pham\/uv-clear-topcoat-10-url6406-10-biomass\/#primaryimage\"},\"image\":{\"@id\":\"https:\/\/biomasscoating.com\/en\/san-pham\/uv-clear-topcoat-10-url6406-10-biomass\/#primaryimage\"},\"thumbnailUrl\":\"https:\/\/biomasscoating.com\/wp-content\/uploads\/2026\/03\/SON-MAU-LAU-GOC-NUOC-2.png\",\"datePublished\":\"2026-03-03T03:56:11+00:00\",\"dateModified\":\"2026-03-03T04:12:14+00:00\",\"description\":\"UV Clear Topcoat 10% URL6406\u201310% is urethane acrylate oligomer sealer formulated specially for application on timber substrate via rolling application.\",\"breadcrumb\":{\"@id\":\"https:\/\/biomasscoating.com\/en\/san-pham\/uv-clear-topcoat-10-url6406-10-biomass\/#breadcrumb\"},\"inLanguage\":\"en-US\",\"potentialAction\":[{\"@type\":\"ReadAction\",\"target\":[\"https:\/\/biomasscoating.com\/en\/san-pham\/uv-clear-topcoat-10-url6406-10-biomass\/\"]}]},{\"@type\":\"ImageObject\",\"inLanguage\":\"en-US\",\"@id\":\"https:\/\/biomasscoating.com\/en\/san-pham\/uv-clear-topcoat-10-url6406-10-biomass\/#primaryimage\",\"url\":\"https:\/\/biomasscoating.com\/wp-content\/uploads\/2026\/03\/SON-MAU-LAU-GOC-NUOC-2.png\",\"contentUrl\":\"https:\/\/biomasscoating.com\/wp-content\/uploads\/2026\/03\/SON-MAU-LAU-GOC-NUOC-2.png\",\"width\":1000,\"height\":1000},{\"@type\":\"BreadcrumbList\",\"@id\":\"https:\/\/biomasscoating.com\/en\/san-pham\/uv-clear-topcoat-10-url6406-10-biomass\/#breadcrumb\",\"itemListElement\":[{\"@type\":\"ListItem\",\"position\":1,\"name\":\"Trang ch\u1ee7\",\"item\":\"https:\/\/biomasscoating.com\/en\/\"},{\"@type\":\"ListItem\",\"position\":2,\"name\":\"S\u1ea2N PH\u1ea8M BIOMASS\",\"item\":\"https:\/\/biomasscoating.com\/son-go-goc-nuoc\/\"},{\"@type\":\"ListItem\",\"position\":3,\"name\":\"UV CLEAR TOPCOAT 10% URL6406-10%\"}]},{\"@type\":\"WebSite\",\"@id\":\"https:\/\/biomasscoating.com\/en\/#website\",\"url\":\"https:\/\/biomasscoating.com\/en\/\",\"name\":\"BIOMASS\",\"description\":\"S\u01a0N G\u1ed6 G\u1ed0C N\u01af\u1edaC CAO C\u1ea4P\",\"publisher\":{\"@id\":\"https:\/\/biomasscoating.com\/en\/#organization\"},\"potentialAction\":[{\"@type\":\"SearchAction\",\"target\":{\"@type\":\"EntryPoint\",\"urlTemplate\":\"https:\/\/biomasscoating.com\/en\/?s={search_term_string}\"},\"query-input\":\"required name=search_term_string\"}],\"inLanguage\":\"en-US\"},{\"@type\":\"Organization\",\"@id\":\"https:\/\/biomasscoating.com\/en\/#organization\",\"name\":\"BIOMASS\",\"url\":\"https:\/\/biomasscoating.com\/en\/\",\"logo\":{\"@type\":\"ImageObject\",\"inLanguage\":\"en-US\",\"@id\":\"https:\/\/biomasscoating.com\/en\/#\/schema\/logo\/image\/\",\"url\":\"https:\/\/biomasscoating.com\/wp-content\/uploads\/2024\/05\/biomass-logo-vi.png\",\"contentUrl\":\"https:\/\/biomasscoating.com\/wp-content\/uploads\/2024\/05\/biomass-logo-vi.png\",\"width\":500,\"height\":500,\"caption\":\"BIOMASS\"},\"image\":{\"@id\":\"https:\/\/biomasscoating.com\/en\/#\/schema\/logo\/image\/\"},\"sameAs\":[\"https:\/\/www.facebook.com\/congtycophansinhhoaquocte\",\"https:\/\/www.youtube.com\/channel\/UCuHX121GTiESU-y847uJm2w\"]}]}<\/script>\n<!-- \/ Yoast SEO plugin. -->","yoast_head_json":{"title":"UV CLEAR TOPCOAT 10% URL6406-10% - BIOMASS","description":"UV Clear Topcoat 10% URL6406\u201310% is urethane acrylate oligomer sealer formulated specially for application on timber substrate via rolling application.","robots":{"index":"index","follow":"follow","max-snippet":"max-snippet:-1","max-image-preview":"max-image-preview:large","max-video-preview":"max-video-preview:-1"},"canonical":"https:\/\/biomasscoating.com\/en\/san-pham\/uv-clear-topcoat-10-url6406-10-biomass\/","og_locale":"en_US","og_type":"article","og_title":"UV CLEAR TOPCOAT 10% URL6406-10% - BIOMASS","og_description":"UV Clear Topcoat 10% URL6406\u201310% is urethane acrylate oligomer sealer formulated specially for application on timber substrate via rolling application.","og_url":"https:\/\/biomasscoating.com\/en\/san-pham\/uv-clear-topcoat-10-url6406-10-biomass\/","og_site_name":"BIOMASS","article_publisher":"https:\/\/www.facebook.com\/congtycophansinhhoaquocte","article_modified_time":"2026-03-03T04:12:14+00:00","og_image":[{"width":1000,"height":1000,"url":"https:\/\/biomasscoating.com\/wp-content\/uploads\/2026\/03\/SON-MAU-LAU-GOC-NUOC-2.png","type":"image\/png"}],"twitter_card":"summary_large_image","twitter_misc":{"Est. reading time":"2 minutes"},"schema":{"@context":"https:\/\/schema.org","@graph":[{"@type":"WebPage","@id":"https:\/\/biomasscoating.com\/en\/san-pham\/uv-clear-topcoat-10-url6406-10-biomass\/","url":"https:\/\/biomasscoating.com\/en\/san-pham\/uv-clear-topcoat-10-url6406-10-biomass\/","name":"UV CLEAR TOPCOAT 10% URL6406-10% - BIOMASS","isPartOf":{"@id":"https:\/\/biomasscoating.com\/en\/#website"},"primaryImageOfPage":{"@id":"https:\/\/biomasscoating.com\/en\/san-pham\/uv-clear-topcoat-10-url6406-10-biomass\/#primaryimage"},"image":{"@id":"https:\/\/biomasscoating.com\/en\/san-pham\/uv-clear-topcoat-10-url6406-10-biomass\/#primaryimage"},"thumbnailUrl":"https:\/\/biomasscoating.com\/wp-content\/uploads\/2026\/03\/SON-MAU-LAU-GOC-NUOC-2.png","datePublished":"2026-03-03T03:56:11+00:00","dateModified":"2026-03-03T04:12:14+00:00","description":"UV Clear Topcoat 10% URL6406\u201310% is urethane acrylate oligomer sealer formulated specially for application on timber substrate via rolling application.","breadcrumb":{"@id":"https:\/\/biomasscoating.com\/en\/san-pham\/uv-clear-topcoat-10-url6406-10-biomass\/#breadcrumb"},"inLanguage":"en-US","potentialAction":[{"@type":"ReadAction","target":["https:\/\/biomasscoating.com\/en\/san-pham\/uv-clear-topcoat-10-url6406-10-biomass\/"]}]},{"@type":"ImageObject","inLanguage":"en-US","@id":"https:\/\/biomasscoating.com\/en\/san-pham\/uv-clear-topcoat-10-url6406-10-biomass\/#primaryimage","url":"https:\/\/biomasscoating.com\/wp-content\/uploads\/2026\/03\/SON-MAU-LAU-GOC-NUOC-2.png","contentUrl":"https:\/\/biomasscoating.com\/wp-content\/uploads\/2026\/03\/SON-MAU-LAU-GOC-NUOC-2.png","width":1000,"height":1000},{"@type":"BreadcrumbList","@id":"https:\/\/biomasscoating.com\/en\/san-pham\/uv-clear-topcoat-10-url6406-10-biomass\/#breadcrumb","itemListElement":[{"@type":"ListItem","position":1,"name":"Trang ch\u1ee7","item":"https:\/\/biomasscoating.com\/en\/"},{"@type":"ListItem","position":2,"name":"S\u1ea2N PH\u1ea8M BIOMASS","item":"https:\/\/biomasscoating.com\/son-go-goc-nuoc\/"},{"@type":"ListItem","position":3,"name":"UV CLEAR TOPCOAT 10% URL6406-10%"}]},{"@type":"WebSite","@id":"https:\/\/biomasscoating.com\/en\/#website","url":"https:\/\/biomasscoating.com\/en\/","name":"BIOMASS","description":"S\u01a0N G\u1ed6 G\u1ed0C N\u01af\u1edaC CAO C\u1ea4P","publisher":{"@id":"https:\/\/biomasscoating.com\/en\/#organization"},"potentialAction":[{"@type":"SearchAction","target":{"@type":"EntryPoint","urlTemplate":"https:\/\/biomasscoating.com\/en\/?s={search_term_string}"},"query-input":"required name=search_term_string"}],"inLanguage":"en-US"},{"@type":"Organization","@id":"https:\/\/biomasscoating.com\/en\/#organization","name":"BIOMASS","url":"https:\/\/biomasscoating.com\/en\/","logo":{"@type":"ImageObject","inLanguage":"en-US","@id":"https:\/\/biomasscoating.com\/en\/#\/schema\/logo\/image\/","url":"https:\/\/biomasscoating.com\/wp-content\/uploads\/2024\/05\/biomass-logo-vi.png","contentUrl":"https:\/\/biomasscoating.com\/wp-content\/uploads\/2024\/05\/biomass-logo-vi.png","width":500,"height":500,"caption":"BIOMASS"},"image":{"@id":"https:\/\/biomasscoating.com\/en\/#\/schema\/logo\/image\/"},"sameAs":["https:\/\/www.facebook.com\/congtycophansinhhoaquocte","https:\/\/www.youtube.com\/channel\/UCuHX121GTiESU-y847uJm2w"]}]}},"_links":{"self":[{"href":"https:\/\/biomasscoating.com\/en\/wp-json\/wp\/v2\/product\/3316","targetHints":{"allow":["GET"]}}],"collection":[{"href":"https:\/\/biomasscoating.com\/en\/wp-json\/wp\/v2\/product"}],"about":[{"href":"https:\/\/biomasscoating.com\/en\/wp-json\/wp\/v2\/types\/product"}],"wp:featuredmedia":[{"embeddable":true,"href":"https:\/\/biomasscoating.com\/en\/wp-json\/wp\/v2\/media\/3310"}],"wp:attachment":[{"href":"https:\/\/biomasscoating.com\/en\/wp-json\/wp\/v2\/media?parent=3316"}],"wp:term":[{"taxonomy":"product_cat","embeddable":true,"href":"https:\/\/biomasscoating.com\/en\/wp-json\/wp\/v2\/product_cat?post=3316"},{"taxonomy":"product_tag","embeddable":true,"href":"https:\/\/biomasscoating.com\/en\/wp-json\/wp\/v2\/product_tag?post=3316"}],"curies":[{"name":"wp","href":"https:\/\/api.w.org\/{rel}","templated":true}]}}